{"id":63,"date":"2021-11-17T10:40:33","date_gmt":"2021-11-17T10:40:33","guid":{"rendered":"https:\/\/wolniewicz.czest.pl\/?page_id=63"},"modified":"2021-11-17T12:12:22","modified_gmt":"2021-11-17T12:12:22","slug":"strona-glowna","status":"publish","type":"page","link":"https:\/\/wolniewicz.czest.pl\/","title":{"rendered":"Strona G\u0142\u00f3wna"},"content":{"rendered":"\n<p><em>Trzeba wszystko uporz\u0105dkowa\u0107.<br>Musisz si\u0119 zdecydowa\u0107, czego chcesz si\u0119 trzyma\u0107.<br>Musisz wiedzie\u0107, co trwa, a co przemin\u0119\u0142o.<br>I czasami ustali\u0107, czego nigdy nie by\u0142o.<br>(\u2026)<br>I musisz sobie pewne rzeczy odpu\u015bci\u0107.<\/em><\/p>\n\n\n\n<p class=\"has-text-color\" style=\"color:#ffb134\">Lois Lowry,&nbsp;Egzamin dojrza\u0142o\u015bci<\/p>\n","protected":false},"excerpt":{"rendered":"<p>Trzeba wszystko uporz\u0105dkowa\u0107.Musisz si\u0119 zdecydowa\u0107, czego chcesz si\u0119 trzyma\u0107.Musisz wiedzie\u0107, co trwa, a co przemin\u0119\u0142o.I czasami ustali\u0107, czego nigdy nie by\u0142o.(\u2026)I musisz sobie pewne rzeczy odpu\u015bci\u0107. Lois Lowry,&nbsp;Egzamin dojrza\u0142o\u015bci<\/p>\n","protected":false},"author":1,"featured_media":0,"parent":0,"menu_order":0,"comment_status":"closed","ping_status":"closed","template":"","meta":[],"_links":{"self":[{"href":"https:\/\/wolniewicz.czest.pl\/index.php\/wp-json\/wp\/v2\/pages\/63"}],"collection":[{"href":"https:\/\/wolniewicz.czest.pl\/index.php\/wp-json\/wp\/v2\/pages"}],"about":[{"href":"https:\/\/wolniewicz.czest.pl\/index.php\/wp-json\/wp\/v2\/types\/page"}],"author":[{"embeddable":true,"href":"https:\/\/wolniewicz.czest.pl\/index.php\/wp-json\/wp\/v2\/users\/1"}],"replies":[{"embeddable":true,"href":"https:\/\/wolniewicz.czest.pl\/index.php\/wp-json\/wp\/v2\/comments?post=63"}],"version-history":[{"count":3,"href":"https:\/\/wolniewicz.czest.pl\/index.php\/wp-json\/wp\/v2\/pages\/63\/revisions"}],"predecessor-version":[{"id":71,"href":"https:\/\/wolniewicz.czest.pl\/index.php\/wp-json\/wp\/v2\/pages\/63\/revisions\/71"}],"wp:attachment":[{"href":"https:\/\/wolniewicz.czest.pl\/index.php\/wp-json\/wp\/v2\/media?parent=63"}],"curies":[{"name":"wp","href":"https:\/\/api.w.org\/{rel}","templated":true}]}}